{"id":520,"date":"2024-01-03T11:04:51","date_gmt":"2024-01-03T10:04:51","guid":{"rendered":"https:\/\/jinane-consulting.fr\/?page_id=520"},"modified":"2024-01-26T15:45:13","modified_gmt":"2024-01-26T14:45:13","slug":"mentions-legales","status":"publish","type":"page","link":"https:\/\/jinane-consulting.fr\/?page_id=520","title":{"rendered":"Mentions L\u00e9gales"},"content":{"rendered":"\t\t<div data-elementor-type=\"wp-page\" data-elementor-id=\"520\" class=\"elementor elementor-520\" data-elementor-post-type=\"page\">\n\t\t\t\t<div class=\"elementor-element elementor-element-489a4f1 e-flex e-con-boxed e-con e-parent\" data-id=\"489a4f1\" data-element_type=\"container\" data-settings=\"{&quot;background_background&quot;:&quot;classic&quot;}\">\n\t\t\t\t\t<div class=\"e-con-inner\">\n\t\t\t\t\t<\/div>\n\t\t\t\t<\/div>\n\t\t<div class=\"elementor-element elementor-element-d5695d6 e-flex e-con-boxed e-con e-parent\" data-id=\"d5695d6\" data-element_type=\"container\">\n\t\t\t\t\t<div class=\"e-con-inner\">\n\t\t\t\t<div class=\"elementor-element elementor-element-031fa01 elementor-widget elementor-widget-text-editor\" data-id=\"031fa01\" data-element_type=\"widget\" data-widget_type=\"text-editor.default\">\n\t\t\t\t<div class=\"elementor-widget-container\">\n\t\t\t\t\t\t\t\t\t<p>\u00a0<\/p>\n<h3>Jinane Consulting<\/h3>\n<h6>Adresse : 100 rue Fran\u00e7oise Cachin &#8211; 59000 Lille<br \/>Adresse du site : www.jinane-consulting.fr<\/h6>\n<h6>Email de contact : contact@jinane-consulting.com<\/h6>\n<h6>Tel :\u00a0<a style=\"font-family: var( --e-global-typography-text-font-family ), Sans-serif; font-weight: var( --e-global-typography-text-font-weight ); text-align: var(--text-align); color: #000000; font-size: 12px;\" title=\"Appeler avec Ringover\" href=\"tel:0187668939\" target=\"_blank\" rel=\"noopener\" data-c2c-format-number=\"0187668939\">01.87.66.89.39<\/a><\/h6>\n<h6>EURL 2TECH CONSULTING 503 494 650<\/h6>\n<div>\u00a0<\/div>\n<p>\u00a0<\/p>\n<h3>Directeur Publication et r\u00e9daction du site :\u00a0<\/h3>\n<h6>Joede Chraa<\/h6>\n<h6>CEO<\/h6>\n<p>\u00a0<\/p>\n<h3>H\u00e9bergeur :\u00a0<\/h3>\n<h6>HOSTINGER INTERNATIONAL LTD<\/h6>\n<h6>61 Lordou Vironos Street, 6023 Larnaca, Chypre<\/h6>\n<p>\u00a0<\/p>\n<h3>Cr\u00e9dits :\u00a0<\/h3>\n<h6>Vid\u00e9o page d&#8217;accueil : Freepik<br \/>Photos d&#8217;illustration : Freepik<\/h6>\t\t\t\t\t\t\t\t<\/div>\n\t\t\t\t<\/div>\n\t\t\t\t<div class=\"elementor-element elementor-element-2b176ae elementor-widget elementor-widget-spacer\" data-id=\"2b176ae\" data-element_type=\"widget\" data-widget_type=\"spacer.default\">\n\t\t\t\t<div class=\"elementor-widget-container\">\n\t\t\t\t\t\t\t<div class=\"elementor-spacer\">\n\t\t\t<div class=\"elementor-spacer-inner\"><\/div>\n\t\t<\/div>\n\t\t\t\t\t\t<\/div>\n\t\t\t\t<\/div>\n\t\t\t\t\t<\/div>\n\t\t\t\t<\/div>\n\t\t<div class=\"elementor-element elementor-element-cb760c2 e-flex e-con-boxed e-con e-parent\" data-id=\"cb760c2\" data-element_type=\"container\" id=\"politique-confidentialit\u00e9\" data-settings=\"{&quot;background_background&quot;:&quot;classic&quot;}\">\n\t\t\t\t\t<div class=\"e-con-inner\">\n\t\t\t\t<div class=\"elementor-element elementor-element-fda8895 elementor-widget elementor-widget-heading\" data-id=\"fda8895\" data-element_type=\"widget\" data-widget_type=\"heading.default\">\n\t\t\t\t<div class=\"elementor-widget-container\">\n\t\t\t\t\t<h2 class=\"elementor-heading-title elementor-size-default\">Politique de confidentitalit\u00e9<\/h2>\t\t\t\t<\/div>\n\t\t\t\t<\/div>\n\t\t\t\t\t<\/div>\n\t\t\t\t<\/div>\n\t\t<div class=\"elementor-element elementor-element-2bffaba e-flex e-con-boxed e-con e-parent\" data-id=\"2bffaba\" data-element_type=\"container\">\n\t\t\t\t\t<div class=\"e-con-inner\">\n\t\t\t\t<div class=\"elementor-element elementor-element-e853358 elementor-widget elementor-widget-text-editor\" data-id=\"e853358\" data-element_type=\"widget\" data-widget_type=\"text-editor.default\">\n\t\t\t\t<div class=\"elementor-widget-container\">\n\t\t\t\t\t\t\t\t\t<p><\/p>\n<h3 class=\"wp-block-heading\">Derni\u00e8re mise \u00e0 jour : 17\/01\/2024<\/h3>\n<h6>L\u2019adresse de notre site est : https:\/\/jinane-consulting.fr.<\/h6>\n<p>\u00a0<\/p>\n<h3><span style=\"color: var( --e-global-color-primary ); font-style: inherit; text-align: var(--text-align); background-color: var( --e-global-color-bdbfd76 );\">Contenu embarqu\u00e9 depuis d\u2019autres sites<\/span><\/h3>\n<h6>Les articles de ce site peuvent inclure des contenus int\u00e9gr\u00e9s (par exemple des vid\u00e9os, images, articles\u2026). Le contenu int\u00e9gr\u00e9 depuis d\u2019autres sites se comporte de la m\u00eame mani\u00e8re que si le visiteur se rendait sur cet autre site.<br \/>Ces sites web pourraient collecter des donn\u00e9es sur vous, utiliser des cookies, embarquer des outils de suivis tiers, suivre vos interactions avec ces contenus embarqu\u00e9s si vous disposez d\u2019un compte connect\u00e9 sur leur site web.<\/h6>\n<p>\u00a0<\/p>\n<h3><span style=\"color: var( --e-global-color-primary ); font-style: inherit; text-align: var(--text-align); background-color: var( --e-global-color-bdbfd76 );\">Politique de confidentialit\u00e9 de Jinane Consulting <br \/><\/span><\/h3>\n<h6>Votre adresse e-mail utilis\u00e9e dans nos formulaires de contact et de candidature ne sera stock\u00e9e que dans le but de vous fournir une r\u00e9ponse. Elle ne sera pas utilis\u00e9e \u00e0 des fins commerciales.<\/h6>\n<p><\/p>\n<p><\/p>\n<p><\/p>\n<p><\/p>\n<h6>Gestion de vos donn\u00e9es personnelles<\/h6>\n<h6>Le pr\u00e9sent document \u00e9nonce la politique de confidentialit\u00e9 de Jinane Consulting, d\u00e9crivant la mani\u00e8re dont nous collectons, utilisons, partageons et prot\u00e9geons les informations que vous nous fournissez via notre site web. Veuillez lire attentivement ce document pour comprendre comment nous traitons vos donn\u00e9es personnelles.<\/h6>\n<p>\u00a0<\/p>\n<p><strong>1. Base l\u00e9gale pour le traitement des donn\u00e9es<\/strong><\/p>\n<h6>Nous traitons vos donn\u00e9es personnelles sur la base de votre consentement, n\u00e9cessaire \u00e0 l&#8217;ex\u00e9cution d&#8217;un contrat, pour respecter une obligation l\u00e9gale ou dans le cadre de nos int\u00e9r\u00eats l\u00e9gitimes en tant qu&#8217;entreprise de services num\u00e9riques.<\/h6>\n<p>\u00a0<\/p>\n<p><strong>2. Finalit\u00e9s du traitement<\/strong><\/p>\n<h6>Nous collectons et traitons vos donn\u00e9es personnelles dans le but de r\u00e9pondre \u00e0 vos demandes via le formulaire de contact, ainsi que pour \u00e9valuer les candidatures re\u00e7ues pour les annonces d&#8217;emplois.<\/h6>\n<p>\u00a0<\/p>\n<p><strong>3. Dur\u00e9e de conservation<\/strong><\/p>\n<h6>Nous conservons vos donn\u00e9es personnelles aussi longtemps que n\u00e9cessaire pour atteindre les finalit\u00e9s pour lesquelles elles ont \u00e9t\u00e9 collect\u00e9es, sauf indication contraire ou exigence l\u00e9gale.<\/h6>\n<p>\u00a0<\/p>\n<p><strong>4. Droits des personnes concern\u00e9es<\/strong><\/p>\n<h6>Vous avez le droit d&#8217;acc\u00e9der \u00e0 vos donn\u00e9es personnelles, de les rectifier, de les supprimer, de limiter leur traitement, de vous opposer au traitement et de la portabilit\u00e9 des donn\u00e9es. Pour exercer ces droits, veuillez contacter notre DPO, Joede Chraa, \u00e0 l&#8217;adresse <a class=\"moz-txt-link-abbreviated moz-txt-link-freetext\" href=\"mailto:jchraa@jinane-consulting.com\">jchraa@jinane-consulting.com<\/a>.<\/h6>\n<p>\u00a0<\/p>\n<p><strong>5. Consentement<\/strong><\/p>\n<h6>En utilisant notre site web, vous consentez au traitement de vos donn\u00e9es personnelles conform\u00e9ment \u00e0 cette politique de confidentialit\u00e9.<\/h6>\n<p>\u00a0<\/p>\n<p><strong>6. Mesures de s\u00e9curit\u00e9<\/strong><\/p>\n<h6>Nous mettons en \u0153uvre des mesures de s\u00e9curit\u00e9 techniques et organisationnelles appropri\u00e9es pour prot\u00e9ger vos donn\u00e9es personnelles contre tout acc\u00e8s non autoris\u00e9, toute divulgation ou toute destruction.<\/h6>\n<p>\u00a0<\/p>\n<p><strong>7. Notification des violations de donn\u00e9es<\/strong><\/p>\n<h6>En cas de violation de donn\u00e9es personnelles susceptible de pr\u00e9senter un risque \u00e9lev\u00e9 pour les droits et libert\u00e9s des personnes concern\u00e9es, nous vous informerons ainsi que l&#8217;autorit\u00e9 de contr\u00f4le comp\u00e9tente conform\u00e9ment aux obligations l\u00e9gales.<\/h6>\n<p>\u00a0<\/p>\n<p><strong>8. Cookies et technologies similaires<\/strong><\/p>\n<h6>Notre site web utilise des cookies et des technologies similaires pour am\u00e9liorer votre exp\u00e9rience en ligne. Vous pouvez ajuster les param\u00e8tres de votre navigateur pour refuser les cookies, mais cela pourrait affecter certaines fonctionnalit\u00e9s du site.<\/h6>\n<p>\u00a0<\/p>\n<p><strong>9. Responsable du traitement et DPO<\/strong><\/p>\n<h6>Le responsable du traitement est Jinane Consulting. Notre D\u00e9l\u00e9gu\u00e9 \u00e0 la Protection des Donn\u00e9es (DPO) est Joede Chraa, que vous pouvez contacter \u00e0 l&#8217;adresse <a class=\"moz-txt-link-abbreviated moz-txt-link-freetext\" style=\"color: #006ba0;\" href=\"mailto:jchraa@jinane-consulting.com\">jchraa@jinane-consulting.com<\/a>.<\/h6>\n<p>\u00a0<\/p>\n<h6>Pour toute question ou pr\u00e9occupation concernant cette politique de confidentialit\u00e9, veuillez nous contacter \u00e0 <a class=\"moz-txt-link-abbreviated moz-txt-link-freetext\" style=\"color: #006ba0;\" href=\"mailto:contact@jinane-consulting.com\">contact@jinane-consulting.com<\/a>.<br \/>Merci de votre confiance envers Jinane Consulting.<\/h6>\n<h6>\u00a0<\/h6>\t\t\t\t\t\t\t\t<\/div>\n\t\t\t\t<\/div>\n\t\t\t\t<div class=\"elementor-element elementor-element-46677fb elementor-widget elementor-widget-spacer\" data-id=\"46677fb\" data-element_type=\"widget\" data-widget_type=\"spacer.default\">\n\t\t\t\t<div class=\"elementor-widget-container\">\n\t\t\t\t\t\t\t<div class=\"elementor-spacer\">\n\t\t\t<div class=\"elementor-spacer-inner\"><\/div>\n\t\t<\/div>\n\t\t\t\t\t\t<\/div>\n\t\t\t\t<\/div>\n\t\t\t\t\t<\/div>\n\t\t\t\t<\/div>\n\t\t\t\t<\/div>\n\t\t","protected":false},"excerpt":{"rendered":"<p>\u00a0 Jinane Consulting Adresse : 100 rue Fran\u00e7oise Cachin &#8211; 59000 LilleAdresse du site : www.jinane-consulting.fr Email de contact : contact@jinane-consulting.com Tel :\u00a001.87.66.89.39 EURL 2TECH CONSULTING 503 494 650 \u00a0 \u00a0 Directeur Publication et r\u00e9daction du site :\u00a0 Joede Chraa CEO \u00a0 H\u00e9bergeur :\u00a0 HOSTINGER INTERNATIONAL LTD 61 Lordou Vironos Street, 6023 Larnaca, Chypre \u00a0 [&hellip;]<\/p>\n","protected":false},"author":2,"featured_media":0,"parent":0,"menu_order":0,"comment_status":"closed","ping_status":"closed","template":"elementor_header_footer","meta":{"site-sidebar-layout":"no-sidebar","site-content-layout":"","ast-site-content-layout":"full-width-container","site-content-style":"default","site-sidebar-style":"default","ast-global-header-display":"","ast-banner-title-visibility":"","ast-main-header-display":"","ast-hfb-above-header-display":"","ast-hfb-below-header-display":"","ast-hfb-mobile-header-display":"","site-post-title":"disabled","ast-breadcrumbs-content":"","ast-featured-img":"disabled","footer-sml-layout":"","theme-transparent-header-meta":"","adv-header-id-meta":"","stick-header-meta":"","header-above-stick-meta":"","header-main-stick-meta":"","header-below-stick-meta":"","astra-migrate-meta-layouts":"default","ast-page-background-enabled":"default","ast-page-background-meta":{"desktop":{"background-color":"var(--ast-global-color-4)","background-image":"","background-repeat":"repeat","background-position":"center center","background-size":"auto","background-attachment":"scroll","background-type":"","background-media":"","overlay-type":"","overlay-color":"","overlay-opacity":"","overlay-gradient":""},"tablet":{"background-color":"","background-image":"","background-repeat":"repeat","background-position":"center center","background-size":"auto","background-attachment":"scroll","background-type":"","background-media":"","overlay-type":"","overlay-color":"","overlay-opacity":"","overlay-gradient":""},"mobile":{"background-color":"","background-image":"","background-repeat":"repeat","background-position":"center center","background-size":"auto","background-attachment":"scroll","background-type":"","background-media":"","overlay-type":"","overlay-color":"","overlay-opacity":"","overlay-gradient":""}},"ast-content-background-meta":{"desktop":{"background-color":"var(--ast-global-color-5)","background-image":"","background-repeat":"repeat","background-position":"center center","background-size":"auto","background-attachment":"scroll","background-type":"","background-media":"","overlay-type":"","overlay-color":"","overlay-opacity":"","overlay-gradient":""},"tablet":{"background-color":"var(--ast-global-color-5)","background-image":"","background-repeat":"repeat","background-position":"center center","background-size":"auto","background-attachment":"scroll","background-type":"","background-media":"","overlay-type":"","overlay-color":"","overlay-opacity":"","overlay-gradient":""},"mobile":{"background-color":"var(--ast-global-color-5)","background-image":"","background-repeat":"repeat","background-position":"center center","background-size":"auto","background-attachment":"scroll","background-type":"","background-media":"","overlay-type":"","overlay-color":"","overlay-opacity":"","overlay-gradient":""}},"footnotes":""},"class_list":["post-520","page","type-page","status-publish","hentry"],"_links":{"self":[{"href":"https:\/\/jinane-consulting.fr\/index.php?rest_route=\/wp\/v2\/pages\/520","targetHints":{"allow":["GET"]}}],"collection":[{"href":"https:\/\/jinane-consulting.fr\/index.php?rest_route=\/wp\/v2\/pages"}],"about":[{"href":"https:\/\/jinane-consulting.fr\/index.php?rest_route=\/wp\/v2\/types\/page"}],"author":[{"embeddable":true,"href":"https:\/\/jinane-consulting.fr\/index.php?rest_route=\/wp\/v2\/users\/2"}],"replies":[{"embeddable":true,"href":"https:\/\/jinane-consulting.fr\/index.php?rest_route=%2Fwp%2Fv2%2Fcomments&post=520"}],"version-history":[{"count":41,"href":"https:\/\/jinane-consulting.fr\/index.php?rest_route=\/wp\/v2\/pages\/520\/revisions"}],"predecessor-version":[{"id":773,"href":"https:\/\/jinane-consulting.fr\/index.php?rest_route=\/wp\/v2\/pages\/520\/revisions\/773"}],"wp:attachment":[{"href":"https:\/\/jinane-consulting.fr\/index.php?rest_route=%2Fwp%2Fv2%2Fmedia&parent=520"}],"curies":[{"name":"wp","href":"https:\/\/api.w.org\/{rel}","templated":true}]}}