{"id":224,"date":"2023-12-19T09:09:46","date_gmt":"2023-12-19T08:09:46","guid":{"rendered":"https:\/\/jinane-consulting.fr\/?page_id=224"},"modified":"2024-01-03T16:29:36","modified_gmt":"2024-01-03T15:29:36","slug":"lentreprise","status":"publish","type":"page","link":"https:\/\/jinane-consulting.fr\/?page_id=224","title":{"rendered":"L&#8217;entreprise"},"content":{"rendered":"\t\t<div data-elementor-type=\"wp-page\" data-elementor-id=\"224\" class=\"elementor elementor-224\" data-elementor-post-type=\"page\">\n\t\t\t\t<div class=\"elementor-element elementor-element-736bc36 e-flex e-con-boxed e-con e-parent\" data-id=\"736bc36\" data-element_type=\"container\" data-settings=\"{&quot;background_background&quot;:&quot;classic&quot;}\">\n\t\t\t\t\t<div class=\"e-con-inner\">\n\t\t\t\t<div class=\"elementor-element elementor-element-1599c77 elementor-widget elementor-widget-spacer\" data-id=\"1599c77\" data-element_type=\"widget\" data-widget_type=\"spacer.default\">\n\t\t\t\t<div class=\"elementor-widget-container\">\n\t\t\t\t\t\t\t<div class=\"elementor-spacer\">\n\t\t\t<div class=\"elementor-spacer-inner\"><\/div>\n\t\t<\/div>\n\t\t\t\t\t\t<\/div>\n\t\t\t\t<\/div>\n\t\t\t\t<div class=\"elementor-element elementor-element-e6c6524 elementor-widget elementor-widget-spacer\" data-id=\"e6c6524\" data-element_type=\"widget\" data-widget_type=\"spacer.default\">\n\t\t\t\t<div class=\"elementor-widget-container\">\n\t\t\t\t\t\t\t<div class=\"elementor-spacer\">\n\t\t\t<div class=\"elementor-spacer-inner\"><\/div>\n\t\t<\/div>\n\t\t\t\t\t\t<\/div>\n\t\t\t\t<\/div>\n\t\t\t\t\t<\/div>\n\t\t\t\t<\/div>\n\t\t<div class=\"elementor-element elementor-element-ad7adeb e-flex e-con-boxed e-con e-parent\" data-id=\"ad7adeb\" data-element_type=\"container\">\n\t\t\t\t\t<div class=\"e-con-inner\">\n\t\t\t\t<div class=\"elementor-element elementor-element-5a41d07 elementor-widget elementor-widget-spacer\" data-id=\"5a41d07\" data-element_type=\"widget\" data-widget_type=\"spacer.default\">\n\t\t\t\t<div class=\"elementor-widget-container\">\n\t\t\t\t\t\t\t<div class=\"elementor-spacer\">\n\t\t\t<div class=\"elementor-spacer-inner\"><\/div>\n\t\t<\/div>\n\t\t\t\t\t\t<\/div>\n\t\t\t\t<\/div>\n\t\t\t\t\t<\/div>\n\t\t\t\t<\/div>\n\t\t<div class=\"elementor-element elementor-element-02c86f4 e-flex e-con-boxed e-con e-parent\" data-id=\"02c86f4\" data-element_type=\"container\" id=\"histoiredejiji\">\n\t\t\t\t\t<div class=\"e-con-inner\">\n\t\t<div class=\"elementor-element elementor-element-fc8a548 e-con-full e-flex e-con e-child\" data-id=\"fc8a548\" data-element_type=\"container\">\n\t\t\t\t<div class=\"elementor-element elementor-element-bd0e0f0 elementor-widget elementor-widget-text-editor\" data-id=\"bd0e0f0\" data-element_type=\"widget\" data-widget_type=\"text-editor.default\">\n\t\t\t\t<div class=\"elementor-widget-container\">\n\t\t\t\t\t\t\t\t\t<h2>L&#8217;histoire de Jiji<\/h2><p><strong>Jiji c\u2019est notre mascotte.<\/strong> <br \/>Elle est n\u00e9e tout naturellement parce que nous tenons une souris dans notre main depuis notre plus jeune \u00e2ge, au sens propre comme au sens figur\u00e9\u00a0!<br \/>Elle est vive, parce que pour elle c\u2019est une question de survie. Elle est pr\u00e9cise et affut\u00e9e sans quoi elle ne saurait trouver de quoi se nourrir. Elle est joyeuse parce qu\u2019elle adore ce qu\u2019elle fait, d\u00e9velopper des projets, aller au bout de ce qui \u00e9tait pr\u00e9vu. Et surtout elle est assertive\u00a0! Assertive\u2026 quezaco\u00a0? Tout simplement une vision horizontale et respectueuse de soi et des autres, une posture qui d\u00e9fend son propre point de vue et qui respecte celui des autres. <br \/>Autrement dit, elle ne dit pas oui ou non par principe, mais apr\u00e8s un \u00e9change et une compr\u00e9hension mutuelle. Avec elle, on peut avancer dans un environnement b\u00e9n\u00e9fique\u00a0!<\/p>\t\t\t\t\t\t\t\t<\/div>\n\t\t\t\t<\/div>\n\t\t\t\t<div class=\"elementor-element elementor-element-4ffc97d elementor-widget elementor-widget-spacer\" data-id=\"4ffc97d\" data-element_type=\"widget\" data-widget_type=\"spacer.default\">\n\t\t\t\t<div class=\"elementor-widget-container\">\n\t\t\t\t\t\t\t<div class=\"elementor-spacer\">\n\t\t\t<div class=\"elementor-spacer-inner\"><\/div>\n\t\t<\/div>\n\t\t\t\t\t\t<\/div>\n\t\t\t\t<\/div>\n\t\t\t\t<\/div>\n\t\t<div class=\"elementor-element elementor-element-29a845a e-con-full e-flex e-con e-child\" data-id=\"29a845a\" data-element_type=\"container\">\n\t\t\t\t<div class=\"elementor-element elementor-element-a9de866 elementor-widget__width-initial elementor-widget elementor-widget-image\" data-id=\"a9de866\" data-element_type=\"widget\" data-settings=\"{&quot;motion_fx_motion_fx_mouse&quot;:&quot;yes&quot;,&quot;motion_fx_mouseTrack_effect&quot;:&quot;yes&quot;,&quot;motion_fx_mouseTrack_speed&quot;:{&quot;unit&quot;:&quot;px&quot;,&quot;size&quot;:0.6,&quot;sizes&quot;:[]}}\" data-widget_type=\"image.default\">\n\t\t\t\t<div class=\"elementor-widget-container\">\n\t\t\t\t\t\t\t\t\t\t\t\t\t\t\t<img fetchpriority=\"high\" decoding=\"async\" width=\"251\" height=\"215\" src=\"https:\/\/jinane-consulting.fr\/wp-content\/uploads\/2023\/12\/Jiji_BlulleVerte.png\" class=\"attachment-large size-large wp-image-231\" alt=\"\" \/>\t\t\t\t\t\t\t\t\t\t\t\t\t\t\t<\/div>\n\t\t\t\t<\/div>\n\t\t\t\t<\/div>\n\t\t\t\t\t<\/div>\n\t\t\t\t<\/div>\n\t\t<div class=\"elementor-element elementor-element-646f7e1 e-flex e-con-boxed e-con e-parent\" data-id=\"646f7e1\" data-element_type=\"container\" data-settings=\"{&quot;background_background&quot;:&quot;classic&quot;}\">\n\t\t\t\t\t<div class=\"e-con-inner\">\n\t\t<div class=\"elementor-element elementor-element-2175443 e-con-full e-flex e-con e-child\" data-id=\"2175443\" data-element_type=\"container\" data-settings=\"{&quot;background_background&quot;:&quot;classic&quot;}\">\n\t\t\t\t<\/div>\n\t\t<div class=\"elementor-element elementor-element-33935ce e-flex e-con-boxed e-con e-child\" data-id=\"33935ce\" data-element_type=\"container\">\n\t\t\t\t\t<div class=\"e-con-inner\">\n\t\t\t\t<div class=\"elementor-element elementor-element-4174021 elementor-widget elementor-widget-spacer\" data-id=\"4174021\" data-element_type=\"widget\" data-widget_type=\"spacer.default\">\n\t\t\t\t<div class=\"elementor-widget-container\">\n\t\t\t\t\t\t\t<div class=\"elementor-spacer\">\n\t\t\t<div class=\"elementor-spacer-inner\"><\/div>\n\t\t<\/div>\n\t\t\t\t\t\t<\/div>\n\t\t\t\t<\/div>\n\t\t\t\t<div class=\"elementor-element elementor-element-8c2af36 elementor-widget elementor-widget-text-editor\" data-id=\"8c2af36\" data-element_type=\"widget\" data-widget_type=\"text-editor.default\">\n\t\t\t\t<div class=\"elementor-widget-container\">\n\t\t\t\t\t\t\t\t\t<h2 style=\"color:white;\">Notre histoire<\/h2>\nJinane Consulting, fond\u00e9e par un geek assum\u00e9, est une ESN (entreprise de services num\u00e9riques). Guid\u00e9s par une \u00e9nergie collective et un go\u00fbt prononc\u00e9 pour le challenge, nous accompagnons plus d\u2019une centaine de clients par an, sur leurs enjeux de transformation digitale et d\u2019innovation num\u00e9rique.\nApr\u00e8s des ann\u00e9es de conseils en tant qu\u2019expert ind\u00e9pendant en nouvelles technologies, Joede Chraa d\u00e9cide de cr\u00e9er Jinane Consulting afin d\u2019accompagner la transformation digitale de ses clients.\nNotre diff\u00e9rence, c\u2019est l\u2019expertise et la mani\u00e8re de faire. Avec nous, vous choisissez des \u00e9quipes avec des convictions fortes, engag\u00e9es dans la r\u00e9ussite de vos projets.\nDepuis 2008, nous aidons nos clients \u00e0 construire des Syst\u00e8mes d\u2019Information et des applications qui transforment leurs entreprises en agissant sur plusieurs volets : la technologie, la m\u00e9thodologie, la compr\u00e9hension des enjeux m\u00e9tier.\n<strong>Et pourquoi Jinane\u00a0? Ce mot s\u2019origine arabe signifie Eden, Jardin, Paradis\u2026notre programme en quelque sorte\u00a0!<\/strong>\t\t\t\t\t\t\t\t<\/div>\n\t\t\t\t<\/div>\n\t\t\t\t<div class=\"elementor-element elementor-element-34802fd elementor-widget elementor-widget-spacer\" data-id=\"34802fd\" data-element_type=\"widget\" data-widget_type=\"spacer.default\">\n\t\t\t\t<div class=\"elementor-widget-container\">\n\t\t\t\t\t\t\t<div class=\"elementor-spacer\">\n\t\t\t<div class=\"elementor-spacer-inner\"><\/div>\n\t\t<\/div>\n\t\t\t\t\t\t<\/div>\n\t\t\t\t<\/div>\n\t\t\t\t\t<\/div>\n\t\t\t\t<\/div>\n\t\t\t\t\t<\/div>\n\t\t\t\t<\/div>\n\t\t<div class=\"elementor-element elementor-element-3e58420 e-flex e-con-boxed e-con e-parent\" data-id=\"3e58420\" data-element_type=\"container\" id=\"nosvaleurs\" data-settings=\"{&quot;background_background&quot;:&quot;classic&quot;}\">\n\t\t\t\t\t<div class=\"e-con-inner\">\n\t\t\t\t<div class=\"elementor-element elementor-element-20efac9 elementor-widget elementor-widget-spacer\" data-id=\"20efac9\" data-element_type=\"widget\" data-widget_type=\"spacer.default\">\n\t\t\t\t<div class=\"elementor-widget-container\">\n\t\t\t\t\t\t\t<div class=\"elementor-spacer\">\n\t\t\t<div class=\"elementor-spacer-inner\"><\/div>\n\t\t<\/div>\n\t\t\t\t\t\t<\/div>\n\t\t\t\t<\/div>\n\t\t\t\t<div class=\"elementor-element elementor-element-e3e87ec elementor-widget elementor-widget-text-editor\" data-id=\"e3e87ec\" data-element_type=\"widget\" data-widget_type=\"text-editor.default\">\n\t\t\t\t<div class=\"elementor-widget-container\">\n\t\t\t\t\t\t\t\t\t<h2 style=\"color: white;\">Nos valeurs<\/h2>\n<h3 style=\"color: white;\">Afin de ne pas nous perdre dans le labyrinthe que peut \u00eatre le monde professionnel, <\/br>nous avons X valeurs qui nous servent de boussole au quotidien<\/h3>\t\t\t\t\t\t\t\t<\/div>\n\t\t\t\t<\/div>\n\t\t<div class=\"elementor-element elementor-element-23b32c9 e-flex e-con-boxed e-con e-child\" data-id=\"23b32c9\" data-element_type=\"container\">\n\t\t\t\t\t<div class=\"e-con-inner\">\n\t\t\t\t<div class=\"elementor-element elementor-element-b54bc4a elementor-widget__width-initial elementor-widget elementor-widget-text-editor\" data-id=\"b54bc4a\" data-element_type=\"widget\" data-widget_type=\"text-editor.default\">\n\t\t\t\t<div class=\"elementor-widget-container\">\n\t\t\t\t\t\t\t\t\t<h3><mark style=\"background-color: #006ba0; color: white; text-transform: uppercase; padding: 0 4px;\">L&#8217;engagement<\/mark><\/h3>\n<p style=\"color: white;\">C\u2019est une responsabilit\u00e9 individuelle et collective qui a la vertu d\u2019amener \u00e0 se poser les bonnes questions avant une prise de d\u00e9cision. On ne s\u2019engage pas \u00e0 la l\u00e9g\u00e8re, sur un coup de t\u00eate, mais bien parce que l\u2019on a pes\u00e9 le pour et le contre. C\u2019est plus facile ensuite d\u2019aller au bout de son engagement.<\/p>\t\t\t\t\t\t\t\t<\/div>\n\t\t\t\t<\/div>\n\t\t\t\t<div class=\"elementor-element elementor-element-a137b37 elementor-widget__width-initial elementor-widget elementor-widget-text-editor\" data-id=\"a137b37\" data-element_type=\"widget\" data-widget_type=\"text-editor.default\">\n\t\t\t\t<div class=\"elementor-widget-container\">\n\t\t\t\t\t\t\t\t\t<h3><mark style=\"background-color: #006ba0; color: white; text-transform: uppercase; padding: 0 4px;\">La pers\u00e9v\u00e9rance<\/mark><\/h3>\n<p style=\"color: white;\">qui est la suite logique de l\u2019engagement. Pers\u00e9v\u00e9rer c\u2019est s\u2019accrocher, insister, trouver des solutions quand le contexte est plus compliqu\u00e9 que pr\u00e9vu. L\u00e2chez l\u2019affaire \u00e0 la premi\u00e8re difficult\u00e9, ce n\u2019est pas notre mani\u00e8re de faire\u00a0!<\/p>\t\t\t\t\t\t\t\t<\/div>\n\t\t\t\t<\/div>\n\t\t\t\t\t<\/div>\n\t\t\t\t<\/div>\n\t\t\t\t<div class=\"elementor-element elementor-element-3c9f1c5 elementor-widget__width-initial elementor-widget elementor-widget-text-editor\" data-id=\"3c9f1c5\" data-element_type=\"widget\" data-widget_type=\"text-editor.default\">\n\t\t\t\t<div class=\"elementor-widget-container\">\n\t\t\t\t\t\t\t\t\t<h3><mark style=\"background-color: #006ba0; color: white; text-transform: uppercase; padding: 0 4px;\">L&#8217;humain<\/mark><\/h3>\n<p style=\"color: white;\">Alors forc\u00e9ment \u00e7a peut para\u00eetre banal, voire bateau. Mais depuis le d\u00e9but de l\u2019aventure Jinane Consulting nous avons privil\u00e9gi\u00e9 cette mani\u00e8re d\u2019\u00eatre et c\u2019est elle qui fait le ciment de nos \u00e9quipes. Quand chacun est en mission dans diff\u00e9rentes entreprises il est parfois difficile de faire corps. C\u2019est parce que nous sommes attach\u00e9s aux relations que nous y arrivons. \u00catre attentif \u00e0 l\u2019humain c\u2019est aussi une mani\u00e8re de fonctionner qui prot\u00e8ge des tensions\u00a0et donc favorise le bien-\u00eatre.<\/p>\t\t\t\t\t\t\t\t<\/div>\n\t\t\t\t<\/div>\n\t\t\t\t<div class=\"elementor-element elementor-element-fcc3bc8 elementor-widget__width-initial elementor-widget elementor-widget-text-editor\" data-id=\"fcc3bc8\" data-element_type=\"widget\" data-widget_type=\"text-editor.default\">\n\t\t\t\t<div class=\"elementor-widget-container\">\n\t\t\t\t\t\t\t\t\t<h3><mark style=\"background-color: #006ba0; color: white; text-transform: uppercase; padding: 0 4px;\">La recherche et l&#8217;innovation<\/mark><\/h3>\t\t\t\t\t\t\t\t<\/div>\n\t\t\t\t<\/div>\n\t\t<div class=\"elementor-element elementor-element-362f5cd e-con-full e-flex e-con e-child\" data-id=\"362f5cd\" data-element_type=\"container\">\n\t\t\t\t<div class=\"elementor-element elementor-element-538994c elementor-widget-mobile__width-initial elementor-widget elementor-widget-image\" data-id=\"538994c\" data-element_type=\"widget\" data-widget_type=\"image.default\">\n\t\t\t\t<div class=\"elementor-widget-container\">\n\t\t\t\t\t\t\t\t\t\t\t\t\t\t\t<img decoding=\"async\" width=\"600\" height=\"600\" src=\"https:\/\/jinane-consulting.fr\/wp-content\/uploads\/2024\/01\/logos_CII-2.png\" class=\"attachment-large size-large wp-image-589\" alt=\"\" srcset=\"https:\/\/jinane-consulting.fr\/wp-content\/uploads\/2024\/01\/logos_CII-2.png 600w, https:\/\/jinane-consulting.fr\/wp-content\/uploads\/2024\/01\/logos_CII-2-300x300.png 300w, https:\/\/jinane-consulting.fr\/wp-content\/uploads\/2024\/01\/logos_CII-2-150x150.png 150w\" sizes=\"(max-width: 600px) 100vw, 600px\" \/>\t\t\t\t\t\t\t\t\t\t\t\t\t\t\t<\/div>\n\t\t\t\t<\/div>\n\t\t\t\t<div class=\"elementor-element elementor-element-4e7d218 elementor-widget-mobile__width-initial elementor-widget elementor-widget-image\" data-id=\"4e7d218\" data-element_type=\"widget\" data-widget_type=\"image.default\">\n\t\t\t\t<div class=\"elementor-widget-container\">\n\t\t\t\t\t\t\t\t\t\t\t\t\t\t\t<img decoding=\"async\" width=\"600\" height=\"600\" src=\"https:\/\/jinane-consulting.fr\/wp-content\/uploads\/2024\/01\/logo-cir.png\" class=\"attachment-large size-large wp-image-587\" alt=\"\" srcset=\"https:\/\/jinane-consulting.fr\/wp-content\/uploads\/2024\/01\/logo-cir.png 600w, https:\/\/jinane-consulting.fr\/wp-content\/uploads\/2024\/01\/logo-cir-300x300.png 300w, https:\/\/jinane-consulting.fr\/wp-content\/uploads\/2024\/01\/logo-cir-150x150.png 150w\" sizes=\"(max-width: 600px) 100vw, 600px\" \/>\t\t\t\t\t\t\t\t\t\t\t\t\t\t\t<\/div>\n\t\t\t\t<\/div>\n\t\t\t\t<\/div>\n\t\t\t\t<div class=\"elementor-element elementor-element-1febf29 elementor-widget elementor-widget-spacer\" data-id=\"1febf29\" data-element_type=\"widget\" data-widget_type=\"spacer.default\">\n\t\t\t\t<div class=\"elementor-widget-container\">\n\t\t\t\t\t\t\t<div class=\"elementor-spacer\">\n\t\t\t<div class=\"elementor-spacer-inner\"><\/div>\n\t\t<\/div>\n\t\t\t\t\t\t<\/div>\n\t\t\t\t<\/div>\n\t\t\t\t\t<\/div>\n\t\t\t\t<\/div>\n\t\t\t\t<\/div>\n\t\t","protected":false},"excerpt":{"rendered":"<p>L&#8217;histoire de Jiji Jiji c\u2019est notre mascotte. Elle est n\u00e9e tout naturellement parce que nous tenons une souris dans notre main depuis notre plus jeune \u00e2ge, au sens propre comme au sens figur\u00e9\u00a0!Elle est vive, parce que pour elle c\u2019est une question de survie. Elle est pr\u00e9cise et affut\u00e9e sans quoi elle ne saurait trouver [&hellip;]<\/p>\n","protected":false},"author":2,"featured_media":0,"parent":0,"menu_order":0,"comment_status":"closed","ping_status":"closed","template":"","meta":{"site-sidebar-layout":"no-sidebar","site-content-layout":"","ast-site-content-layout":"full-width-container","site-content-style":"default","site-sidebar-style":"default","ast-global-header-display":"","ast-banner-title-visibility":"","ast-main-header-display":"","ast-hfb-above-header-display":"","ast-hfb-below-header-display":"","ast-hfb-mobile-header-display":"","site-post-title":"disabled","ast-breadcrumbs-content":"","ast-featured-img":"disabled","footer-sml-layout":"","theme-transparent-header-meta":"","adv-header-id-meta":"","stick-header-meta":"","header-above-stick-meta":"","header-main-stick-meta":"","header-below-stick-meta":"","astra-migrate-meta-layouts":"default","ast-page-background-enabled":"default","ast-page-background-meta":{"desktop":{"background-color":"var(--ast-global-color-4)","background-image":"","background-repeat":"repeat","background-position":"center center","background-size":"auto","background-attachment":"scroll","background-type":"","background-media":"","overlay-type":"","overlay-color":"","overlay-opacity":"","overlay-gradient":""},"tablet":{"background-color":"","background-image":"","background-repeat":"repeat","background-position":"center center","background-size":"auto","background-attachment":"scroll","background-type":"","background-media":"","overlay-type":"","overlay-color":"","overlay-opacity":"","overlay-gradient":""},"mobile":{"background-color":"","background-image":"","background-repeat":"repeat","background-position":"center center","background-size":"auto","background-attachment":"scroll","background-type":"","background-media":"","overlay-type":"","overlay-color":"","overlay-opacity":"","overlay-gradient":""}},"ast-content-background-meta":{"desktop":{"background-color":"var(--ast-global-color-5)","background-image":"","background-repeat":"repeat","background-position":"center center","background-size":"auto","background-attachment":"scroll","background-type":"","background-media":"","overlay-type":"","overlay-color":"","overlay-opacity":"","overlay-gradient":""},"tablet":{"background-color":"var(--ast-global-color-5)","background-image":"","background-repeat":"repeat","background-position":"center center","background-size":"auto","background-attachment":"scroll","background-type":"","background-media":"","overlay-type":"","overlay-color":"","overlay-opacity":"","overlay-gradient":""},"mobile":{"background-color":"var(--ast-global-color-5)","background-image":"","background-repeat":"repeat","background-position":"center center","background-size":"auto","background-attachment":"scroll","background-type":"","background-media":"","overlay-type":"","overlay-color":"","overlay-opacity":"","overlay-gradient":""}},"footnotes":""},"class_list":["post-224","page","type-page","status-publish","hentry"],"_links":{"self":[{"href":"https:\/\/jinane-consulting.fr\/index.php?rest_route=\/wp\/v2\/pages\/224","targetHints":{"allow":["GET"]}}],"collection":[{"href":"https:\/\/jinane-consulting.fr\/index.php?rest_route=\/wp\/v2\/pages"}],"about":[{"href":"https:\/\/jinane-consulting.fr\/index.php?rest_route=\/wp\/v2\/types\/page"}],"author":[{"embeddable":true,"href":"https:\/\/jinane-consulting.fr\/index.php?rest_route=\/wp\/v2\/users\/2"}],"replies":[{"embeddable":true,"href":"https:\/\/jinane-consulting.fr\/index.php?rest_route=%2Fwp%2Fv2%2Fcomments&post=224"}],"version-history":[{"count":34,"href":"https:\/\/jinane-consulting.fr\/index.php?rest_route=\/wp\/v2\/pages\/224\/revisions"}],"predecessor-version":[{"id":595,"href":"https:\/\/jinane-consulting.fr\/index.php?rest_route=\/wp\/v2\/pages\/224\/revisions\/595"}],"wp:attachment":[{"href":"https:\/\/jinane-consulting.fr\/index.php?rest_route=%2Fwp%2Fv2%2Fmedia&parent=224"}],"curies":[{"name":"wp","href":"https:\/\/api.w.org\/{rel}","templated":true}]}}